{"id":15,"date":"2013-10-06T14:59:34","date_gmt":"2013-10-06T13:59:34","guid":{"rendered":"http:\/\/sg.3owl.com\/fr\/?page_id=15"},"modified":"2024-12-29T11:25:22","modified_gmt":"2024-12-29T10:25:22","slug":"itineraire","status":"publish","type":"page","link":"https:\/\/www.sergegirard.org\/fr\/itineraire\/","title":{"rendered":"L&rsquo;itin\u00e9raire"},"content":{"rendered":"<p style=\"text-align: center\"><a href=\"http:\/\/www.sergegirard.org\/fr\/wp-content\/uploads\/sites\/3\/2013\/10\/ModifCarteDpt.jpg\"><img loading=\"lazy\" decoding=\"async\" class=\"aligncenter  wp-image-745\" title=\"L'itin\u00e9raire de Serge Girard autour du Monde.\" alt=\"L'itin\u00e9raire de Serge Girard autour du Monde.\" src=\"http:\/\/www.sergegirard.org\/fr\/wp-content\/uploads\/sites\/3\/2013\/10\/ModifCarteDpt.jpg\" width=\"3000\" height=\"2001\" srcset=\"https:\/\/www.sergegirard.org\/fr\/wp-content\/uploads\/sites\/3\/2013\/10\/ModifCarteDpt.jpg 3000w, https:\/\/www.sergegirard.org\/fr\/wp-content\/uploads\/sites\/3\/2013\/10\/ModifCarteDpt-300x200.jpg 300w, https:\/\/www.sergegirard.org\/fr\/wp-content\/uploads\/sites\/3\/2013\/10\/ModifCarteDpt-1024x683.jpg 1024w, https:\/\/www.sergegirard.org\/fr\/wp-content\/uploads\/sites\/3\/2013\/10\/ModifCarteDpt-624x416.jpg 624w\" sizes=\"(max-width: 3000px) 100vw, 3000px\" \/><\/a><\/p>\n<h2>L&rsquo;itin\u00e9raire de Serge autour du Monde<\/h2>\n<p style=\"text-align: justify\">Oc\u00e9an Indien, Afrique, oc\u00e9an Atlantique, Am\u00e9rique du Sud, Oc\u00e9an Pacifique, Australie,\u00a0Oc\u00e9an Indien\u00a0soit trois oc\u00e9ans et trois continents. Un tour du Monde qui va durer pr\u00e8s de deux ans.<\/p>\n","protected":false},"excerpt":{"rendered":"<p>L&rsquo;itin\u00e9raire de Serge autour du Monde Oc\u00e9an Indien, Afrique, oc\u00e9an Atlantique, Am\u00e9rique du Sud, Oc\u00e9an Pacifique, Australie,\u00a0Oc\u00e9an Indien\u00a0soit trois oc\u00e9ans et trois continents. Un tour du Monde qui va durer pr\u00e8s de deux ans.<\/p>\n","protected":false},"author":1,"featured_media":0,"parent":0,"menu_order":0,"comment_status":"closed","ping_status":"open","template":"","meta":{"_et_pb_use_builder":"","_et_pb_old_content":"","_et_gb_content_width":"","ngg_post_thumbnail":0,"footnotes":""},"class_list":["post-15","page","type-page","status-publish","hentry"],"yoast_head":"<!-- This site is optimized with the Yoast SEO plugin v24.1 - https:\/\/yoast.com\/wordpress\/plugins\/seo\/ -->\n<title>L&#039;itin\u00e9raire - Serge Girard autour du Monde<\/title>\n<meta name=\"description\" content=\"L&#039;itin\u00e9raire de ce tour du Monde : La R\u00e9union, Afrique, Oc\u00e9an Atlantique, Am\u00e9rique du Sud, Oc\u00e9an Pacifique, Australie, Oc\u00e9an Indien soit trois oc\u00e9ans et trois continents.\" \/>\n<meta name=\"robots\" content=\"index, follow, max-snippet:-1, max-image-preview:large, max-video-preview:-1\" \/>\n<link rel=\"canonical\" href=\"https:\/\/www.sergegirard.org\/fr\/itineraire\/\" \/>\n<meta property=\"og:locale\" content=\"fr_FR\" \/>\n<meta property=\"og:type\" content=\"article\" \/>\n<meta property=\"og:title\" content=\"L&#039;itin\u00e9raire - Serge Girard autour du Monde\" \/>\n<meta property=\"og:description\" content=\"L&#039;itin\u00e9raire de ce tour du Monde : La R\u00e9union, Afrique, Oc\u00e9an Atlantique, Am\u00e9rique du Sud, Oc\u00e9an Pacifique, Australie, Oc\u00e9an Indien soit trois oc\u00e9ans et trois continents.\" \/>\n<meta property=\"og:url\" content=\"https:\/\/www.sergegirard.org\/fr\/itineraire\/\" \/>\n<meta property=\"og:site_name\" content=\"Serge Girard autour du Monde\" \/>\n<meta property=\"article:modified_time\" content=\"2024-12-29T10:25:22+00:00\" \/>\n<meta property=\"og:image\" content=\"https:\/\/www.sergegirard.org\/fr\/wp-content\/uploads\/sites\/3\/2013\/10\/ModifCarteDpt.jpg\" \/>\n\t<meta property=\"og:image:width\" content=\"3000\" \/>\n\t<meta property=\"og:image:height\" content=\"2001\" \/>\n\t<meta property=\"og:image:type\" content=\"image\/jpeg\" \/>\n<meta name=\"twitter:label1\" content=\"Dur\u00e9e de lecture estim\u00e9e\" \/>\n\t<meta name=\"twitter:data1\" content=\"1 minute\" \/>\n<script type=\"application\/ld+json\" class=\"yoast-schema-graph\">{\"@context\":\"https:\/\/schema.org\",\"@graph\":[{\"@type\":\"WebPage\",\"@id\":\"https:\/\/www.sergegirard.org\/fr\/itineraire\/\",\"url\":\"https:\/\/www.sergegirard.org\/fr\/itineraire\/\",\"name\":\"L'itin\u00e9raire - Serge Girard autour du Monde\",\"isPartOf\":{\"@id\":\"https:\/\/www.sergegirard.org\/fr\/#website\"},\"primaryImageOfPage\":{\"@id\":\"https:\/\/www.sergegirard.org\/fr\/itineraire\/#primaryimage\"},\"image\":{\"@id\":\"https:\/\/www.sergegirard.org\/fr\/itineraire\/#primaryimage\"},\"thumbnailUrl\":\"http:\/\/www.sergegirard.org\/fr\/wp-content\/uploads\/sites\/3\/2013\/10\/ModifCarteDpt.jpg\",\"datePublished\":\"2013-10-06T13:59:34+00:00\",\"dateModified\":\"2024-12-29T10:25:22+00:00\",\"description\":\"L'itin\u00e9raire de ce tour du Monde : La R\u00e9union, Afrique, Oc\u00e9an Atlantique, Am\u00e9rique du Sud, Oc\u00e9an Pacifique, Australie, Oc\u00e9an Indien soit trois oc\u00e9ans et trois continents.\",\"breadcrumb\":{\"@id\":\"https:\/\/www.sergegirard.org\/fr\/itineraire\/#breadcrumb\"},\"inLanguage\":\"fr-FR\",\"potentialAction\":[{\"@type\":\"ReadAction\",\"target\":[\"https:\/\/www.sergegirard.org\/fr\/itineraire\/\"]}]},{\"@type\":\"ImageObject\",\"inLanguage\":\"fr-FR\",\"@id\":\"https:\/\/www.sergegirard.org\/fr\/itineraire\/#primaryimage\",\"url\":\"https:\/\/www.sergegirard.org\/fr\/wp-content\/uploads\/sites\/3\/2013\/10\/ModifCarteDpt.jpg\",\"contentUrl\":\"https:\/\/www.sergegirard.org\/fr\/wp-content\/uploads\/sites\/3\/2013\/10\/ModifCarteDpt.jpg\",\"width\":3000,\"height\":2001},{\"@type\":\"BreadcrumbList\",\"@id\":\"https:\/\/www.sergegirard.org\/fr\/itineraire\/#breadcrumb\",\"itemListElement\":[{\"@type\":\"ListItem\",\"position\":1,\"name\":\"Accueil\",\"item\":\"https:\/\/www.sergegirard.org\/fr\/\"},{\"@type\":\"ListItem\",\"position\":2,\"name\":\"L&rsquo;itin\u00e9raire\"}]},{\"@type\":\"WebSite\",\"@id\":\"https:\/\/www.sergegirard.org\/fr\/#website\",\"url\":\"https:\/\/www.sergegirard.org\/fr\/\",\"name\":\"Serge Girard autour du Monde\",\"description\":\"\",\"potentialAction\":[{\"@type\":\"SearchAction\",\"target\":{\"@type\":\"EntryPoint\",\"urlTemplate\":\"https:\/\/www.sergegirard.org\/fr\/?s={search_term_string}\"},\"query-input\":{\"@type\":\"PropertyValueSpecification\",\"valueRequired\":true,\"valueName\":\"search_term_string\"}}],\"inLanguage\":\"fr-FR\"}]}<\/script>\n<!-- \/ Yoast SEO plugin. -->","yoast_head_json":{"title":"L'itin\u00e9raire - Serge Girard autour du Monde","description":"L'itin\u00e9raire de ce tour du Monde : La R\u00e9union, Afrique, Oc\u00e9an Atlantique, Am\u00e9rique du Sud, Oc\u00e9an Pacifique, Australie, Oc\u00e9an Indien soit trois oc\u00e9ans et trois continents.","robots":{"index":"index","follow":"follow","max-snippet":"max-snippet:-1","max-image-preview":"max-image-preview:large","max-video-preview":"max-video-preview:-1"},"canonical":"https:\/\/www.sergegirard.org\/fr\/itineraire\/","og_locale":"fr_FR","og_type":"article","og_title":"L'itin\u00e9raire - Serge Girard autour du Monde","og_description":"L'itin\u00e9raire de ce tour du Monde : La R\u00e9union, Afrique, Oc\u00e9an Atlantique, Am\u00e9rique du Sud, Oc\u00e9an Pacifique, Australie, Oc\u00e9an Indien soit trois oc\u00e9ans et trois continents.","og_url":"https:\/\/www.sergegirard.org\/fr\/itineraire\/","og_site_name":"Serge Girard autour du Monde","article_modified_time":"2024-12-29T10:25:22+00:00","og_image":[{"width":3000,"height":2001,"url":"https:\/\/www.sergegirard.org\/fr\/wp-content\/uploads\/sites\/3\/2013\/10\/ModifCarteDpt.jpg","type":"image\/jpeg"}],"twitter_misc":{"Dur\u00e9e de lecture estim\u00e9e":"1 minute"},"schema":{"@context":"https:\/\/schema.org","@graph":[{"@type":"WebPage","@id":"https:\/\/www.sergegirard.org\/fr\/itineraire\/","url":"https:\/\/www.sergegirard.org\/fr\/itineraire\/","name":"L'itin\u00e9raire - Serge Girard autour du Monde","isPartOf":{"@id":"https:\/\/www.sergegirard.org\/fr\/#website"},"primaryImageOfPage":{"@id":"https:\/\/www.sergegirard.org\/fr\/itineraire\/#primaryimage"},"image":{"@id":"https:\/\/www.sergegirard.org\/fr\/itineraire\/#primaryimage"},"thumbnailUrl":"http:\/\/www.sergegirard.org\/fr\/wp-content\/uploads\/sites\/3\/2013\/10\/ModifCarteDpt.jpg","datePublished":"2013-10-06T13:59:34+00:00","dateModified":"2024-12-29T10:25:22+00:00","description":"L'itin\u00e9raire de ce tour du Monde : La R\u00e9union, Afrique, Oc\u00e9an Atlantique, Am\u00e9rique du Sud, Oc\u00e9an Pacifique, Australie, Oc\u00e9an Indien soit trois oc\u00e9ans et trois continents.","breadcrumb":{"@id":"https:\/\/www.sergegirard.org\/fr\/itineraire\/#breadcrumb"},"inLanguage":"fr-FR","potentialAction":[{"@type":"ReadAction","target":["https:\/\/www.sergegirard.org\/fr\/itineraire\/"]}]},{"@type":"ImageObject","inLanguage":"fr-FR","@id":"https:\/\/www.sergegirard.org\/fr\/itineraire\/#primaryimage","url":"https:\/\/www.sergegirard.org\/fr\/wp-content\/uploads\/sites\/3\/2013\/10\/ModifCarteDpt.jpg","contentUrl":"https:\/\/www.sergegirard.org\/fr\/wp-content\/uploads\/sites\/3\/2013\/10\/ModifCarteDpt.jpg","width":3000,"height":2001},{"@type":"BreadcrumbList","@id":"https:\/\/www.sergegirard.org\/fr\/itineraire\/#breadcrumb","itemListElement":[{"@type":"ListItem","position":1,"name":"Accueil","item":"https:\/\/www.sergegirard.org\/fr\/"},{"@type":"ListItem","position":2,"name":"L&rsquo;itin\u00e9raire"}]},{"@type":"WebSite","@id":"https:\/\/www.sergegirard.org\/fr\/#website","url":"https:\/\/www.sergegirard.org\/fr\/","name":"Serge Girard autour du Monde","description":"","potentialAction":[{"@type":"SearchAction","target":{"@type":"EntryPoint","urlTemplate":"https:\/\/www.sergegirard.org\/fr\/?s={search_term_string}"},"query-input":{"@type":"PropertyValueSpecification","valueRequired":true,"valueName":"search_term_string"}}],"inLanguage":"fr-FR"}]}},"_links":{"self":[{"href":"https:\/\/www.sergegirard.org\/fr\/wp-json\/wp\/v2\/pages\/15","targetHints":{"allow":["GET"]}}],"collection":[{"href":"https:\/\/www.sergegirard.org\/fr\/wp-json\/wp\/v2\/pages"}],"about":[{"href":"https:\/\/www.sergegirard.org\/fr\/wp-json\/wp\/v2\/types\/page"}],"author":[{"embeddable":true,"href":"https:\/\/www.sergegirard.org\/fr\/wp-json\/wp\/v2\/users\/1"}],"replies":[{"embeddable":true,"href":"https:\/\/www.sergegirard.org\/fr\/wp-json\/wp\/v2\/comments?post=15"}],"version-history":[{"count":2,"href":"https:\/\/www.sergegirard.org\/fr\/wp-json\/wp\/v2\/pages\/15\/revisions"}],"predecessor-version":[{"id":4884,"href":"https:\/\/www.sergegirard.org\/fr\/wp-json\/wp\/v2\/pages\/15\/revisions\/4884"}],"wp:attachment":[{"href":"https:\/\/www.sergegirard.org\/fr\/wp-json\/wp\/v2\/media?parent=15"}],"curies":[{"name":"wp","href":"https:\/\/api.w.org\/{rel}","templated":true}]}}