{"id":23,"date":"2013-10-06T15:00:19","date_gmt":"2013-10-06T14:00:19","guid":{"rendered":"http:\/\/sg.3owl.com\/fr\/?page_id=23"},"modified":"2024-12-29T11:26:25","modified_gmt":"2024-12-29T10:26:25","slug":"partenaires","status":"publish","type":"page","link":"https:\/\/www.sergegirard.org\/fr\/partenaires\/","title":{"rendered":"Nos partenaires"},"content":{"rendered":"<p><img loading=\"lazy\" decoding=\"async\" class=\"alignright size-full wp-image-514\" title=\"Conseil G\u00e9n\u00e9ral de Seine Maritime\" alt=\"Conseil G\u00e9n\u00e9ral de Seine Maritime\" src=\"http:\/\/www.sergegirard.org\/fr\/wp-content\/uploads\/sites\/3\/2014\/01\/conseilGeneral76_100.jpg\" width=\"100\" height=\"136\" \/>Le d\u00e9partement de Seine-Maritime, parmi les partenaires aux c\u00f4t\u00e9s de Serge Girard<\/p>\n<blockquote><p>Le Tour du Monde sans interruption \u00e0 la seule force humaine du Seinomarin, Serge Girard est une aventure humaine in\u00e9dite \u00e0 laquelle le D\u00e9partement a souhait\u00e9 s\u2019associer. Nous encourageons la pratique sportive \u00e0 travers de nombreuses actions, dispositifs ou manifestations\u00a0: Printemps Sport Nature, les randonn\u00e9es nordiques, Pass\u2019Port 76, Ludisport, le raid des coll\u00e9giens\u2026 A travers ces actions qui visent des publics vari\u00e9s, ce sont les valeurs d\u2019apprentissage de la citoyennet\u00e9, de solidarit\u00e9, d\u2019insertion sociale, de sant\u00e9 et de respect de l\u2019environnement que nous cherchons \u00e0 promouvoir.<\/p>\n<p style=\"text-align: justify\">Nous avons souhait\u00e9 aller plus loin dans cette d\u00e9marche en soutenant ce d\u00e9fi sportif hors norme et en proposant \u00e0 un maximum de Seinomarins de partager cette exp\u00e9rience. Le d\u00e9partement mettra en place des conf\u00e9rences qui seront donn\u00e9es par Serge Girard \u00e0 diff\u00e9rents publics\u00a0: des coll\u00e9giens, des personnes handicap\u00e9es, des personnes \u00e2g\u00e9es. Certaines conf\u00e9rences auront lieu durant la phase pr\u00e9paratoire, d\u2019autres pendant le Tour du Monde, via satellite, et les derni\u00e8res lors du retour de Serge Girard en Seine-Maritime.<\/p>\n<p style=\"text-align: justify\">Durant presque trois ans, les Seinomarins pourront suivre l\u2019aventure de ce marathonien d\u2019exception, partageant sont intense pr\u00e9paration physique et psychologique, la r\u00e9alisation de son exploit, la d\u00e9couverte des pays qu\u2019il traversera et le rencontres qu\u2019il fera durant son Tour du Monde.<\/p>\n<p style=\"text-align: justify\">Nous vous invitons \u00e0 vivre ensemble cette aventure passionnante.<\/p>\n<\/blockquote>\n<p style=\"text-align: right\"><em>Didier Marie,<\/em><\/p>\n<p style=\"text-align: right\"><em>Pr\u00e9sident du d\u00e9partement de Seine-Maritime<\/em><\/p>\n<p style=\"text-align: right\">\n","protected":false},"excerpt":{"rendered":"<p>Le d\u00e9partement de Seine-Maritime, parmi les partenaires aux c\u00f4t\u00e9s de Serge Girard Le Tour du Monde sans interruption \u00e0 la seule force humaine du Seinomarin, Serge Girard est une aventure humaine in\u00e9dite \u00e0 laquelle le D\u00e9partement a souhait\u00e9 s\u2019associer. Nous encourageons la pratique sportive \u00e0 travers de nombreuses actions, dispositifs ou manifestations\u00a0: Printemps Sport Nature, [&hellip;]<\/p>\n","protected":false},"author":1,"featured_media":0,"parent":0,"menu_order":0,"comment_status":"closed","ping_status":"open","template":"","meta":{"_et_pb_use_builder":"","_et_pb_old_content":"","_et_gb_content_width":"","ngg_post_thumbnail":0,"footnotes":""},"class_list":["post-23","page","type-page","status-publish","hentry"],"yoast_head":"<!-- This site is optimized with the Yoast SEO plugin v24.1 - https:\/\/yoast.com\/wordpress\/plugins\/seo\/ -->\n<title>Nos partenaires - Serge Girard autour du Monde<\/title>\n<meta name=\"description\" content=\"Des partenaires pour un sponsoring sportif.\" \/>\n<meta name=\"robots\" content=\"index, follow, max-snippet:-1, max-image-preview:large, max-video-preview:-1\" \/>\n<link rel=\"canonical\" href=\"https:\/\/www.sergegirard.org\/fr\/partenaires\/\" \/>\n<meta property=\"og:locale\" content=\"fr_FR\" \/>\n<meta property=\"og:type\" content=\"article\" \/>\n<meta property=\"og:title\" content=\"Nos partenaires - Serge Girard autour du Monde\" \/>\n<meta property=\"og:description\" content=\"Des partenaires pour un sponsoring sportif.\" \/>\n<meta property=\"og:url\" content=\"https:\/\/www.sergegirard.org\/fr\/partenaires\/\" \/>\n<meta property=\"og:site_name\" content=\"Serge Girard autour du Monde\" \/>\n<meta property=\"article:modified_time\" content=\"2024-12-29T10:26:25+00:00\" \/>\n<meta property=\"og:image\" content=\"https:\/\/www.sergegirard.org\/fr\/wp-content\/uploads\/sites\/3\/2014\/01\/conseilGeneral76_100.jpg\" \/>\n\t<meta property=\"og:image:width\" content=\"100\" \/>\n\t<meta property=\"og:image:height\" content=\"136\" \/>\n\t<meta property=\"og:image:type\" content=\"image\/jpeg\" \/>\n<meta name=\"twitter:label1\" content=\"Dur\u00e9e de lecture estim\u00e9e\" \/>\n\t<meta name=\"twitter:data1\" content=\"1 minute\" \/>\n<script type=\"application\/ld+json\" class=\"yoast-schema-graph\">{\"@context\":\"https:\/\/schema.org\",\"@graph\":[{\"@type\":\"WebPage\",\"@id\":\"https:\/\/www.sergegirard.org\/fr\/partenaires\/\",\"url\":\"https:\/\/www.sergegirard.org\/fr\/partenaires\/\",\"name\":\"Nos partenaires - Serge Girard autour du Monde\",\"isPartOf\":{\"@id\":\"https:\/\/www.sergegirard.org\/fr\/#website\"},\"primaryImageOfPage\":{\"@id\":\"https:\/\/www.sergegirard.org\/fr\/partenaires\/#primaryimage\"},\"image\":{\"@id\":\"https:\/\/www.sergegirard.org\/fr\/partenaires\/#primaryimage\"},\"thumbnailUrl\":\"http:\/\/www.sergegirard.org\/fr\/wp-content\/uploads\/sites\/3\/2014\/01\/conseilGeneral76_100.jpg\",\"datePublished\":\"2013-10-06T14:00:19+00:00\",\"dateModified\":\"2024-12-29T10:26:25+00:00\",\"description\":\"Des partenaires pour un sponsoring sportif.\",\"breadcrumb\":{\"@id\":\"https:\/\/www.sergegirard.org\/fr\/partenaires\/#breadcrumb\"},\"inLanguage\":\"fr-FR\",\"potentialAction\":[{\"@type\":\"ReadAction\",\"target\":[\"https:\/\/www.sergegirard.org\/fr\/partenaires\/\"]}]},{\"@type\":\"ImageObject\",\"inLanguage\":\"fr-FR\",\"@id\":\"https:\/\/www.sergegirard.org\/fr\/partenaires\/#primaryimage\",\"url\":\"https:\/\/www.sergegirard.org\/fr\/wp-content\/uploads\/sites\/3\/2014\/01\/conseilGeneral76_100.jpg\",\"contentUrl\":\"https:\/\/www.sergegirard.org\/fr\/wp-content\/uploads\/sites\/3\/2014\/01\/conseilGeneral76_100.jpg\",\"width\":100,\"height\":136},{\"@type\":\"BreadcrumbList\",\"@id\":\"https:\/\/www.sergegirard.org\/fr\/partenaires\/#breadcrumb\",\"itemListElement\":[{\"@type\":\"ListItem\",\"position\":1,\"name\":\"Accueil\",\"item\":\"https:\/\/www.sergegirard.org\/fr\/\"},{\"@type\":\"ListItem\",\"position\":2,\"name\":\"Nos partenaires\"}]},{\"@type\":\"WebSite\",\"@id\":\"https:\/\/www.sergegirard.org\/fr\/#website\",\"url\":\"https:\/\/www.sergegirard.org\/fr\/\",\"name\":\"Serge Girard autour du Monde\",\"description\":\"\",\"potentialAction\":[{\"@type\":\"SearchAction\",\"target\":{\"@type\":\"EntryPoint\",\"urlTemplate\":\"https:\/\/www.sergegirard.org\/fr\/?s={search_term_string}\"},\"query-input\":{\"@type\":\"PropertyValueSpecification\",\"valueRequired\":true,\"valueName\":\"search_term_string\"}}],\"inLanguage\":\"fr-FR\"}]}<\/script>\n<!-- \/ Yoast SEO plugin. -->","yoast_head_json":{"title":"Nos partenaires - Serge Girard autour du Monde","description":"Des partenaires pour un sponsoring sportif.","robots":{"index":"index","follow":"follow","max-snippet":"max-snippet:-1","max-image-preview":"max-image-preview:large","max-video-preview":"max-video-preview:-1"},"canonical":"https:\/\/www.sergegirard.org\/fr\/partenaires\/","og_locale":"fr_FR","og_type":"article","og_title":"Nos partenaires - Serge Girard autour du Monde","og_description":"Des partenaires pour un sponsoring sportif.","og_url":"https:\/\/www.sergegirard.org\/fr\/partenaires\/","og_site_name":"Serge Girard autour du Monde","article_modified_time":"2024-12-29T10:26:25+00:00","og_image":[{"width":100,"height":136,"url":"https:\/\/www.sergegirard.org\/fr\/wp-content\/uploads\/sites\/3\/2014\/01\/conseilGeneral76_100.jpg","type":"image\/jpeg"}],"twitter_misc":{"Dur\u00e9e de lecture estim\u00e9e":"1 minute"},"schema":{"@context":"https:\/\/schema.org","@graph":[{"@type":"WebPage","@id":"https:\/\/www.sergegirard.org\/fr\/partenaires\/","url":"https:\/\/www.sergegirard.org\/fr\/partenaires\/","name":"Nos partenaires - Serge Girard autour du Monde","isPartOf":{"@id":"https:\/\/www.sergegirard.org\/fr\/#website"},"primaryImageOfPage":{"@id":"https:\/\/www.sergegirard.org\/fr\/partenaires\/#primaryimage"},"image":{"@id":"https:\/\/www.sergegirard.org\/fr\/partenaires\/#primaryimage"},"thumbnailUrl":"http:\/\/www.sergegirard.org\/fr\/wp-content\/uploads\/sites\/3\/2014\/01\/conseilGeneral76_100.jpg","datePublished":"2013-10-06T14:00:19+00:00","dateModified":"2024-12-29T10:26:25+00:00","description":"Des partenaires pour un sponsoring sportif.","breadcrumb":{"@id":"https:\/\/www.sergegirard.org\/fr\/partenaires\/#breadcrumb"},"inLanguage":"fr-FR","potentialAction":[{"@type":"ReadAction","target":["https:\/\/www.sergegirard.org\/fr\/partenaires\/"]}]},{"@type":"ImageObject","inLanguage":"fr-FR","@id":"https:\/\/www.sergegirard.org\/fr\/partenaires\/#primaryimage","url":"https:\/\/www.sergegirard.org\/fr\/wp-content\/uploads\/sites\/3\/2014\/01\/conseilGeneral76_100.jpg","contentUrl":"https:\/\/www.sergegirard.org\/fr\/wp-content\/uploads\/sites\/3\/2014\/01\/conseilGeneral76_100.jpg","width":100,"height":136},{"@type":"BreadcrumbList","@id":"https:\/\/www.sergegirard.org\/fr\/partenaires\/#breadcrumb","itemListElement":[{"@type":"ListItem","position":1,"name":"Accueil","item":"https:\/\/www.sergegirard.org\/fr\/"},{"@type":"ListItem","position":2,"name":"Nos partenaires"}]},{"@type":"WebSite","@id":"https:\/\/www.sergegirard.org\/fr\/#website","url":"https:\/\/www.sergegirard.org\/fr\/","name":"Serge Girard autour du Monde","description":"","potentialAction":[{"@type":"SearchAction","target":{"@type":"EntryPoint","urlTemplate":"https:\/\/www.sergegirard.org\/fr\/?s={search_term_string}"},"query-input":{"@type":"PropertyValueSpecification","valueRequired":true,"valueName":"search_term_string"}}],"inLanguage":"fr-FR"}]}},"_links":{"self":[{"href":"https:\/\/www.sergegirard.org\/fr\/wp-json\/wp\/v2\/pages\/23","targetHints":{"allow":["GET"]}}],"collection":[{"href":"https:\/\/www.sergegirard.org\/fr\/wp-json\/wp\/v2\/pages"}],"about":[{"href":"https:\/\/www.sergegirard.org\/fr\/wp-json\/wp\/v2\/types\/page"}],"author":[{"embeddable":true,"href":"https:\/\/www.sergegirard.org\/fr\/wp-json\/wp\/v2\/users\/1"}],"replies":[{"embeddable":true,"href":"https:\/\/www.sergegirard.org\/fr\/wp-json\/wp\/v2\/comments?post=23"}],"version-history":[{"count":2,"href":"https:\/\/www.sergegirard.org\/fr\/wp-json\/wp\/v2\/pages\/23\/revisions"}],"predecessor-version":[{"id":4887,"href":"https:\/\/www.sergegirard.org\/fr\/wp-json\/wp\/v2\/pages\/23\/revisions\/4887"}],"wp:attachment":[{"href":"https:\/\/www.sergegirard.org\/fr\/wp-json\/wp\/v2\/media?parent=23"}],"curies":[{"name":"wp","href":"https:\/\/api.w.org\/{rel}","templated":true}]}}