{"id":1587,"date":"2015-01-10T21:17:55","date_gmt":"2015-01-10T20:17:55","guid":{"rendered":"http:\/\/www.sergegirard.org\/fr\/?post_type=product&#038;p=1587"},"modified":"2015-01-11T22:03:44","modified_gmt":"2015-01-11T21:03:44","slug":"conference","status":"publish","type":"product","link":"https:\/\/www.sergegirard.org\/fr\/shop\/conference\/","title":{"rendered":"Conf\u00e9rence"},"content":{"rendered":"<p>Pr\u00e9-R\u00e9server une conf\u00e9rence Serge Girard Tour du Monde 3 Oc\u00e9ans et 3 Continents \u00bb avec projection du film, d\u00e9bat avec le public et s\u00e9ance de d\u00e9dicaces.(prix d&rsquo;une conf\u00e9rence en France M\u00e9tropolitaine, en sus pr\u00e9voir frais de d\u00e9placement et d&rsquo;h\u00e9bergement) &#8211; Pour tout renseignement contact@sergegirard.org<\/p>\n","protected":false},"excerpt":{"rendered":"<p>Pr\u00e9-R\u00e9server une conf\u00e9rence Serge Girard Tour du Monde 3 Oc\u00e9ans et 3 Continents \u00bb avec projection du film, d\u00e9bat avec le public et s\u00e9ance de d\u00e9dicaces.<\/p>\n","protected":false},"featured_media":1467,"comment_status":"closed","ping_status":"closed","template":"","meta":{"_et_pb_use_builder":"","_et_pb_old_content":"","_et_gb_content_width":"","ngg_post_thumbnail":0},"product_cat":[10],"product_tag":[],"class_list":{"0":"post-1587","1":"product","2":"type-product","3":"status-publish","4":"has-post-thumbnail","6":"product_cat-souvenirs","8":"first","9":"instock","10":"virtual","11":"taxable","12":"purchasable","13":"product-type-simple"},"yoast_head":"<!-- This site is optimized with the Yoast SEO plugin v24.1 - https:\/\/yoast.com\/wordpress\/plugins\/seo\/ -->\n<title>Conf\u00e9rence - Serge Girard autour du Monde<\/title>\n<meta name=\"description\" content=\"Pr\u00e9-R\u00e9server une conf\u00e9rence Serge Girard Tour du Monde 3 Oc\u00e9ans et 3 Continents \u00bb avec projection du film, d\u00e9bat avec le public et s\u00e9ance de d\u00e9dicaces\" \/>\n<meta name=\"robots\" content=\"index, follow, max-snippet:-1, max-image-preview:large, max-video-preview:-1\" \/>\n<link rel=\"canonical\" href=\"https:\/\/www.sergegirard.org\/fr\/shop\/conference\/\" \/>\n<meta property=\"og:locale\" content=\"fr_FR\" \/>\n<meta property=\"og:type\" content=\"article\" \/>\n<meta property=\"og:title\" content=\"Conf\u00e9rence - Serge Girard autour du Monde\" \/>\n<meta property=\"og:description\" content=\"Pr\u00e9-R\u00e9server une conf\u00e9rence Serge Girard Tour du Monde 3 Oc\u00e9ans et 3 Continents \u00bb avec projection du film, d\u00e9bat avec le public et s\u00e9ance de d\u00e9dicaces\" \/>\n<meta property=\"og:url\" content=\"https:\/\/www.sergegirard.org\/fr\/shop\/conference\/\" \/>\n<meta property=\"og:site_name\" content=\"Serge Girard autour du Monde\" \/>\n<meta property=\"article:modified_time\" content=\"2015-01-11T21:03:44+00:00\" \/>\n<meta property=\"og:image\" content=\"https:\/\/www.sergegirard.org\/fr\/wp-content\/uploads\/sites\/3\/2015\/01\/Conference.png\" \/>\n\t<meta property=\"og:image:width\" content=\"300\" \/>\n\t<meta property=\"og:image:height\" content=\"300\" \/>\n\t<meta property=\"og:image:type\" content=\"image\/png\" \/>\n<script type=\"application\/ld+json\" class=\"yoast-schema-graph\">{\"@context\":\"https:\/\/schema.org\",\"@graph\":[{\"@type\":\"WebPage\",\"@id\":\"https:\/\/www.sergegirard.org\/fr\/shop\/conference\/\",\"url\":\"https:\/\/www.sergegirard.org\/fr\/shop\/conference\/\",\"name\":\"Conf\u00e9rence - Serge Girard autour du Monde\",\"isPartOf\":{\"@id\":\"https:\/\/www.sergegirard.org\/fr\/#website\"},\"primaryImageOfPage\":{\"@id\":\"https:\/\/www.sergegirard.org\/fr\/shop\/conference\/#primaryimage\"},\"image\":{\"@id\":\"https:\/\/www.sergegirard.org\/fr\/shop\/conference\/#primaryimage\"},\"thumbnailUrl\":\"https:\/\/www.sergegirard.org\/fr\/wp-content\/uploads\/sites\/3\/2015\/01\/Conference.png\",\"datePublished\":\"2015-01-10T20:17:55+00:00\",\"dateModified\":\"2015-01-11T21:03:44+00:00\",\"description\":\"Pr\u00e9-R\u00e9server une conf\u00e9rence Serge Girard Tour du Monde 3 Oc\u00e9ans et 3 Continents \u00bb avec projection du film, d\u00e9bat avec le public et s\u00e9ance de d\u00e9dicaces\",\"breadcrumb\":{\"@id\":\"https:\/\/www.sergegirard.org\/fr\/shop\/conference\/#breadcrumb\"},\"inLanguage\":\"fr-FR\",\"potentialAction\":[{\"@type\":\"ReadAction\",\"target\":[\"https:\/\/www.sergegirard.org\/fr\/shop\/conference\/\"]}]},{\"@type\":\"ImageObject\",\"inLanguage\":\"fr-FR\",\"@id\":\"https:\/\/www.sergegirard.org\/fr\/shop\/conference\/#primaryimage\",\"url\":\"https:\/\/www.sergegirard.org\/fr\/wp-content\/uploads\/sites\/3\/2015\/01\/Conference.png\",\"contentUrl\":\"https:\/\/www.sergegirard.org\/fr\/wp-content\/uploads\/sites\/3\/2015\/01\/Conference.png\",\"width\":300,\"height\":300,\"caption\":\"Conf\u00e9rence donn\u00e9e par Serge Girard\"},{\"@type\":\"BreadcrumbList\",\"@id\":\"https:\/\/www.sergegirard.org\/fr\/shop\/conference\/#breadcrumb\",\"itemListElement\":[{\"@type\":\"ListItem\",\"position\":1,\"name\":\"Accueil\",\"item\":\"https:\/\/www.sergegirard.org\/fr\/\"},{\"@type\":\"ListItem\",\"position\":2,\"name\":\"Boutique\",\"item\":\"https:\/\/www.sergegirard.org\/fr\/shop\/\"},{\"@type\":\"ListItem\",\"position\":3,\"name\":\"Conf\u00e9rence\"}]},{\"@type\":\"WebSite\",\"@id\":\"https:\/\/www.sergegirard.org\/fr\/#website\",\"url\":\"https:\/\/www.sergegirard.org\/fr\/\",\"name\":\"Serge Girard autour du Monde\",\"description\":\"\",\"potentialAction\":[{\"@type\":\"SearchAction\",\"target\":{\"@type\":\"EntryPoint\",\"urlTemplate\":\"https:\/\/www.sergegirard.org\/fr\/?s={search_term_string}\"},\"query-input\":{\"@type\":\"PropertyValueSpecification\",\"valueRequired\":true,\"valueName\":\"search_term_string\"}}],\"inLanguage\":\"fr-FR\"}]}<\/script>\n<!-- \/ Yoast SEO plugin. -->","yoast_head_json":{"title":"Conf\u00e9rence - Serge Girard autour du Monde","description":"Pr\u00e9-R\u00e9server une conf\u00e9rence Serge Girard Tour du Monde 3 Oc\u00e9ans et 3 Continents \u00bb avec projection du film, d\u00e9bat avec le public et s\u00e9ance de d\u00e9dicaces","robots":{"index":"index","follow":"follow","max-snippet":"max-snippet:-1","max-image-preview":"max-image-preview:large","max-video-preview":"max-video-preview:-1"},"canonical":"https:\/\/www.sergegirard.org\/fr\/shop\/conference\/","og_locale":"fr_FR","og_type":"article","og_title":"Conf\u00e9rence - Serge Girard autour du Monde","og_description":"Pr\u00e9-R\u00e9server une conf\u00e9rence Serge Girard Tour du Monde 3 Oc\u00e9ans et 3 Continents \u00bb avec projection du film, d\u00e9bat avec le public et s\u00e9ance de d\u00e9dicaces","og_url":"https:\/\/www.sergegirard.org\/fr\/shop\/conference\/","og_site_name":"Serge Girard autour du Monde","article_modified_time":"2015-01-11T21:03:44+00:00","og_image":[{"width":300,"height":300,"url":"https:\/\/www.sergegirard.org\/fr\/wp-content\/uploads\/sites\/3\/2015\/01\/Conference.png","type":"image\/png"}],"schema":{"@context":"https:\/\/schema.org","@graph":[{"@type":"WebPage","@id":"https:\/\/www.sergegirard.org\/fr\/shop\/conference\/","url":"https:\/\/www.sergegirard.org\/fr\/shop\/conference\/","name":"Conf\u00e9rence - Serge Girard autour du Monde","isPartOf":{"@id":"https:\/\/www.sergegirard.org\/fr\/#website"},"primaryImageOfPage":{"@id":"https:\/\/www.sergegirard.org\/fr\/shop\/conference\/#primaryimage"},"image":{"@id":"https:\/\/www.sergegirard.org\/fr\/shop\/conference\/#primaryimage"},"thumbnailUrl":"https:\/\/www.sergegirard.org\/fr\/wp-content\/uploads\/sites\/3\/2015\/01\/Conference.png","datePublished":"2015-01-10T20:17:55+00:00","dateModified":"2015-01-11T21:03:44+00:00","description":"Pr\u00e9-R\u00e9server une conf\u00e9rence Serge Girard Tour du Monde 3 Oc\u00e9ans et 3 Continents \u00bb avec projection du film, d\u00e9bat avec le public et s\u00e9ance de d\u00e9dicaces","breadcrumb":{"@id":"https:\/\/www.sergegirard.org\/fr\/shop\/conference\/#breadcrumb"},"inLanguage":"fr-FR","potentialAction":[{"@type":"ReadAction","target":["https:\/\/www.sergegirard.org\/fr\/shop\/conference\/"]}]},{"@type":"ImageObject","inLanguage":"fr-FR","@id":"https:\/\/www.sergegirard.org\/fr\/shop\/conference\/#primaryimage","url":"https:\/\/www.sergegirard.org\/fr\/wp-content\/uploads\/sites\/3\/2015\/01\/Conference.png","contentUrl":"https:\/\/www.sergegirard.org\/fr\/wp-content\/uploads\/sites\/3\/2015\/01\/Conference.png","width":300,"height":300,"caption":"Conf\u00e9rence donn\u00e9e par Serge Girard"},{"@type":"BreadcrumbList","@id":"https:\/\/www.sergegirard.org\/fr\/shop\/conference\/#breadcrumb","itemListElement":[{"@type":"ListItem","position":1,"name":"Accueil","item":"https:\/\/www.sergegirard.org\/fr\/"},{"@type":"ListItem","position":2,"name":"Boutique","item":"https:\/\/www.sergegirard.org\/fr\/shop\/"},{"@type":"ListItem","position":3,"name":"Conf\u00e9rence"}]},{"@type":"WebSite","@id":"https:\/\/www.sergegirard.org\/fr\/#website","url":"https:\/\/www.sergegirard.org\/fr\/","name":"Serge Girard autour du Monde","description":"","potentialAction":[{"@type":"SearchAction","target":{"@type":"EntryPoint","urlTemplate":"https:\/\/www.sergegirard.org\/fr\/?s={search_term_string}"},"query-input":{"@type":"PropertyValueSpecification","valueRequired":true,"valueName":"search_term_string"}}],"inLanguage":"fr-FR"}]}},"_links":{"self":[{"href":"https:\/\/www.sergegirard.org\/fr\/wp-json\/wp\/v2\/product\/1587","targetHints":{"allow":["GET"]}}],"collection":[{"href":"https:\/\/www.sergegirard.org\/fr\/wp-json\/wp\/v2\/product"}],"about":[{"href":"https:\/\/www.sergegirard.org\/fr\/wp-json\/wp\/v2\/types\/product"}],"replies":[{"embeddable":true,"href":"https:\/\/www.sergegirard.org\/fr\/wp-json\/wp\/v2\/comments?post=1587"}],"wp:featuredmedia":[{"embeddable":true,"href":"https:\/\/www.sergegirard.org\/fr\/wp-json\/wp\/v2\/media\/1467"}],"wp:attachment":[{"href":"https:\/\/www.sergegirard.org\/fr\/wp-json\/wp\/v2\/media?parent=1587"}],"wp:term":[{"taxonomy":"product_cat","embeddable":true,"href":"https:\/\/www.sergegirard.org\/fr\/wp-json\/wp\/v2\/product_cat?post=1587"},{"taxonomy":"product_tag","embeddable":true,"href":"https:\/\/www.sergegirard.org\/fr\/wp-json\/wp\/v2\/product_tag?post=1587"}],"curies":[{"name":"wp","href":"https:\/\/api.w.org\/{rel}","templated":true}]}}